{"id":301,"date":"2014-09-11T10:51:52","date_gmt":"2014-09-11T08:51:52","guid":{"rendered":"http:\/\/borders.critizen.de\/?page_id=301"},"modified":"2015-04-23T15:35:29","modified_gmt":"2015-04-23T15:35:29","slug":"impressum","status":"publish","type":"page","link":"https:\/\/crisis.critizen.de\/ua\/impressum\/","title":{"rendered":"Impressum"},"content":{"rendered":"<h5><strong>Angaben gem\u00e4\u00df \u00a7 5 TMG:<\/strong><\/h5>\n<table>\n<tbody>\n<tr>\n<td><img loading=\"lazy\" class=\"alignnone wp-image-419\" src=\"http:\/\/borders.critizen.de\/wp-content\/uploads\/2014\/09\/cuq-de-logo-300x63.png\" alt=\"cuq-de-logo\" width=\"300\" height=\"63\" \/><\/td>\n<td><img loading=\"lazy\" class=\"alignnone wp-image-224 size-thumbnail\" src=\"http:\/\/borders.critizen.de\/wp-content\/uploads\/2014\/09\/cuq-stempel-150x150.png\" alt=\"cuq-stempel\" width=\"150\" height=\"150\" \/><\/td>\n<\/tr>\n<\/tbody>\n<\/table>\n<h5>Crisis\u00a0\u2013 ein Produkt des TEMPUS IV Projektes &#8220;Crossmedia und Qualit\u00e4tsjournalismus&#8221; (CuQ), gef\u00f6rdert durch die Europ\u00e4ische Kommission.<\/h5>\n<p><strong><b>V.\u00a0i.\u00a0S.\u00a0d.\u00a0P.<\/b>:\u00a0Ralph Kendlbacher<\/strong><\/p>\n<p>Lehrstuhl f\u00fcr Kommunikationswissenschaft<br \/>\nUniversit\u00e4t Passau<br \/>\nInnstra\u00dfe 33a, ZMK 106<br \/>\n94032 Passau<br \/>\nDeutschland<\/p>\n<p>Tel.: +49.851.509 2939<\/p>\n<p>ralph.kendlbacher@uni-passau.de<\/p>\n<p><strong>Vertreten durch:<\/strong>\u00a0Ralph Kendlbacher<\/p>\n<p><strong>Branche:<\/strong>\u00a0Journalismus<br \/>\n<strong>Inhaltlich Verantwortlicher gem\u00e4\u00df \u00a7 55 Abs. 2 RStV und \u00a7 10 Absatz 3 MDStV und <b>V.\u00a0i.\u00a0S.\u00a0d.\u00a0P.<\/b>:<\/strong><\/p>\n<p>Ralph Kendlbacher (Anschrift s.o.)<\/p>\n<p>Programmierung:<\/p>\n<p><a href=\"http:\/\/www.comaron.de\/\" target=\"_blank\">comaron.agentur<\/a><br \/>\nDaniel Lorenzer Consulting, Schlehenweg 20, 94072 Bad F\u00fcssing<\/p>\n<p><strong>Haftungsausschluss<\/strong><\/p>\n<p>1. Inhalt des Onlineangebotes<br \/>\nDer Autor \u00fcbernimmt keinerlei Gew\u00e4hr f\u00fcr die Aktualit\u00e4t, Korrektheit, Vollst\u00e4ndigkeit oder Qualit\u00e4t der bereitgestellten Informationen. Haftungsanspr\u00fcche gegen den Autor, welche sich auf Sch\u00e4den materieller<br \/>\noder ideeller Art beziehen, die durch die Nutzung oder Nichtnutzung der dargebotenen Informationen bzw. durch die Nutzung fehlerhafter und unvollst\u00e4ndiger Informationen verursacht wurden, sind grunds\u00e4tzlich ausgeschlossen, sofern seitens des Autors kein nachweislich vors\u00e4tzliches oder grob fahrl\u00e4ssiges Verschulden vorliegt. Alle Angebote sind freibleibend und unverbindlich. Der Autor beh\u00e4lt es sich ausdr\u00fccklich vor, Teile der Seiten oder das gesamte Angebot ohne gesonderte Ank\u00fcndigung zu ver\u00e4ndern, zu erg\u00e4nzen, zu l\u00f6schen oder die Ver\u00f6ffentlichung zeitweise oder endg\u00fcltig einzustellen.<\/p>\n<p>2. Verweise und Links<br \/>\nBei direkten oder indirekten Verweisen auf fremde Webseiten (\u201cHyperlinks\u201d), die au\u00dferhalb des Verantwortungsbereiches des Autors liegen, w\u00fcrde eine Haftungsverpflichtung ausschlie\u00dflich in dem Fall in Kraft treten, in dem der Autor von den Inhalten Kenntnis hat und es ihm technisch m\u00f6glich und zumutbar w\u00e4re, die Nutzung im Falle rechtswidriger Inhalte zu verhindern. Der Autor erkl\u00e4rt hiermit ausdr\u00fccklich, dass zum Zeitpunkt der Linksetzung keine illegalen Inhalte auf den zu verlinkenden Seiten erkennbar waren.<br \/>\nAuf die aktuelle und zuk\u00fcnftige Gestaltung, die Inhalte oder die Urheberschaft der verlinkten\/verkn\u00fcpften Seiten hat der Autor keinerlei Einfluss. Deshalb distanziert er sich hiermit ausdr\u00fccklich von allen Inhalten aller<br \/>\nverlinkten \/verkn\u00fcpften Seiten, die nach der Linksetzung ver\u00e4ndert wurden. Diese Feststellung gilt f\u00fcr alle innerhalb des eigenen Internetangebotes gesetzten Links und Verweise sowie f\u00fcr Fremdeintr\u00e4ge in vom Autor eingerichteten G\u00e4steb\u00fcchern, Diskussionsforen, Linkverzeichnissen, Mailinglisten und in allen anderen Formen von Datenbanken, auf deren Inhalt externe Schreibzugriffe m\u00f6glich sind. F\u00fcr illegale, fehlerhafte oder unvollst\u00e4ndige Inhalte und insbesondere f\u00fcr Sch\u00e4den, die aus der Nutzung oder Nichtnutzung solcherart dargebotener Informationen entstehen, haftet allein der Anbieter der Seite, auf welche verwiesen wurde, nicht derjenige, der \u00fcber Links auf die jeweilige Ver\u00f6ffentlichung lediglich verweist.<\/p>\n<p>3. Urheber- und Kennzeichenrecht<br \/>\nDer Autor ist bestrebt, in allen Publikationen die Urheberrechte der verwendeten Bilder, Grafiken, Tondokumente, Videosequenzen und Texte zu beachten, von ihm selbst erstellte Bilder, Grafiken, Tondokumente, Videosequenzen und Texte zu nutzen oder auf lizenzfreie Grafiken, Tondokumente, Videosequenzen und Texte zur\u00fcckzugreifen. Alle innerhalb des Internetangebotes genannten und ggf. durch Dritte gesch\u00fctzten Marken- und Warenzeichen unterliegen uneingeschr\u00e4nkt den Bestimmungen des jeweils g\u00fcltigen Kennzeichenrechts und den Besitzrechten der jeweiligen eingetragenen Eigent\u00fcmer. Allein aufgrund der blo\u00dfen Nennung ist nicht der Schluss zu ziehen, dass Markenzeichen nicht durch Rechte Dritter gesch\u00fctzt sind!<br \/>\nDas Copyright f\u00fcr ver\u00f6ffentlichte, vom Autor selbst erstellte Objekte bleibt allein beim Autor der Seiten. Eine Vervielf\u00e4ltigung oder Verwendung solcher Grafiken, Tondokumente, Videosequenzen und Texte in anderen elektronischen oder gedruckten Publikationen ist ohne ausdr\u00fcckliche Zustimmung des Autors nicht gestattet.<\/p>\n<p>4. Datenschutz<br \/>\nSofern innerhalb des Internetangebotes die M\u00f6glichkeit zur Eingabe pers\u00f6nlicher oder gesch\u00e4ftlicher Daten (Emailadressen, Namen, Anschriften) besteht, so erfolgt die Preisgabe dieser Daten seitens des Nutzers auf ausdr\u00fccklich freiwilliger Basis. Die Inanspruchnahme und Bezahlung aller angebotenen Dienste ist \u2013 soweit technisch m\u00f6glich und zumutbar \u2013 auch ohne Angabe solcher Daten bzw. unter Angabe anonymisierter Daten oder eines Pseudonyms gestattet. Die Nutzung der im Rahmen des Impressums oder vergleichbarer Angaben ver\u00f6ffentlichten Kontaktdaten wie Postanschriften, Telefon- und Faxnummern sowie Emailadressen durch Dritte zur \u00dcbersendung von nicht ausdr\u00fccklich angeforderten Informationen ist nicht gestattet. Rechtliche Schritte gegen die Versender von sogenannten Spam-Mails bei Verst\u00f6ssen gegen dieses Verbot sind ausdr\u00fccklich vorbehalten.<\/p>\n<p>5. Google-Analytics (mit freundlicher Angabe durch http:\/\/rechtsanwalt-schwenke.de)<br \/>\nDiese Website benutzt Google Analytics, einen Webanalysedienst der Google Inc. Google Analytics verwendet sog. Cookies, Textdateien, die auf Ihrem Computer gespeichert werden und die eine Analyse der Benutzung der Website durch Sie erm\u00f6glichen. Die durch den Cookie erzeugten Informationen \u00fcber Ihre Benutzung dieser Website werden in der Regel an einen Server von Google in den USA \u00fcbertragen und dort gespeichert. Im Falle der Aktivierung der IP-Anonymisierung auf dieser Webseite, wird Ihre IP-Adresse von Google jedoch innerhalb von Mitgliedstaaten der Europ\u00e4ischen Union oder in anderen<br \/>\nVertragsstaaten des Abkommens \u00fcber den Europ\u00e4ischen Wirtschaftsraum zuvor gek\u00fcrzt. Nur in Ausnahmef\u00e4llen wird die volle IP-Adresse an einen Server von Google in den USA \u00fcbertragen und dort gek\u00fcrzt. Die IP-Anonymisierung ist auf dieser Website aktiv. Im Auftrag des Betreibers dieser Website wird Google diese Informationen benutzen, um Ihre Nutzung der Website auszuwerten, um Reports \u00fcber die Websiteaktivit\u00e4ten zusammenzustellen und um weitere mit der Websitenutzung und der Internetnutzung verbundene Dienstleistungen gegen\u00fcber dem Websitebetreiber zu erbringen. Die im Rahmen von Google Analytics von Ihrem Browser \u00fcbermittelte IP-Adresse wird nicht mit anderen Daten von Google zusammengef\u00fchrt. Sie k\u00f6nnen die Speicherung der Cookies durch eine entsprechende Einstellung Ihrer Browser-Software verhindern; wir weisen Sie jedoch darauf hin, dass Sie in diesem Fall gegebenenfalls nicht s\u00e4mtliche Funktionen dieser Website vollumf\u00e4nglich werden nutzen k\u00f6nnen. Sie k\u00f6nnen dar\u00fcber hinaus die Erfassung der durch das Cookie erzeugten und auf Ihre Nutzung der Website bezogenen Daten (inkl. Ihrer IP-Adresse) an Google sowie die Verarbeitung dieser Daten durch Google verhindern, indem sie das unter dem folgenden Link verf\u00fcgbare Browser-Plugin herunterladen und installieren: http:\/\/tools.google.com\/dlpage\/gaoptout?hl=de.<\/p>\n<p>6. Rechtswirksamkeit dieses Haftungsausschlusses<br \/>\nDieser Haftungsausschluss ist als Teil des Internetangebotes zu betrachten, von dem aus auf diese Seite verwiesen wurde. Sofern Teile oder einzelne Formulierungen dieses Textes der geltenden Rechtslage nicht, nicht mehr oder nicht vollst\u00e4ndig entsprechen sollten, bleiben die \u00fcbrigen Teile des Dokumentes in ihrem Inhalt und ihrer G\u00fcltigkeit davon unber\u00fchrt.<\/p>\n<p><strong>PRIVACY POLICY<\/strong><\/p>\n<p>We will treat all your personal data confidentially. Your rights to protection of your justified concerns are observed strictly in accordance with legal requirements. By subscribing to our list you accept our terms &#038; condtions. We may use your data for marketing purposes, especially for the purpose of advertising for\u00a0Borders \u2013 ein Produkt des TEMPUS IV Projektes &#8220;Crossmedia und Qualit\u00e4tsjournalismus&#8221; (CuQ), gef\u00f6rdert durch die Europ\u00e4ische Kommission, Passau, Germany.","protected":false},"excerpt":{"rendered":"<p>Angaben gem\u00e4\u00df \u00a7 5 TMG: Crisis\u00a0\u2013 ein Produkt des TEMPUS IV Projektes &#8220;Crossmedia und Qualit\u00e4tsjournalismus&#8221; (CuQ), gef\u00f6rdert durch die Europ\u00e4ische Kommission. V.\u00a0i.\u00a0S.\u00a0d.\u00a0P.:\u00a0Ralph Kendlbacher Lehrstuhl f\u00fcr Kommunikationswissenschaft Universit\u00e4t Passau Innstra\u00dfe 33a, ZMK 106 94032 Passau Deutschland Tel.: +49.851.509 2939 ralph.kendlbacher@uni-passau.de Vertreten durch:\u00a0Ralph Kendlbacher Branche:\u00a0Journalismus Inhaltlich Verantwortlicher gem\u00e4\u00df \u00a7 55 Abs. 2 RStV und \u00a7 10 Absatz [&hellip;]<\/p>\n","protected":false},"author":1,"featured_media":962,"parent":0,"menu_order":0,"comment_status":"closed","ping_status":"closed","template":"","meta":[],"_links":{"self":[{"href":"https:\/\/crisis.critizen.de\/ua\/wp-json\/wp\/v2\/pages\/301"}],"collection":[{"href":"https:\/\/crisis.critizen.de\/ua\/wp-json\/wp\/v2\/pages"}],"about":[{"href":"https:\/\/crisis.critizen.de\/ua\/wp-json\/wp\/v2\/types\/page"}],"author":[{"embeddable":true,"href":"https:\/\/crisis.critizen.de\/ua\/wp-json\/wp\/v2\/users\/1"}],"replies":[{"embeddable":true,"href":"https:\/\/crisis.critizen.de\/ua\/wp-json\/wp\/v2\/comments?post=301"}],"version-history":[{"count":4,"href":"https:\/\/crisis.critizen.de\/ua\/wp-json\/wp\/v2\/pages\/301\/revisions"}],"predecessor-version":[{"id":982,"href":"https:\/\/crisis.critizen.de\/ua\/wp-json\/wp\/v2\/pages\/301\/revisions\/982"}],"wp:featuredmedia":[{"embeddable":true,"href":"https:\/\/crisis.critizen.de\/ua\/wp-json\/wp\/v2\/media\/962"}],"wp:attachment":[{"href":"https:\/\/crisis.critizen.de\/ua\/wp-json\/wp\/v2\/media?parent=301"}],"curies":[{"name":"wp","href":"https:\/\/api.w.org\/{rel}","templated":true}]}}