{"id":309,"date":"2014-09-11T11:05:23","date_gmt":"2014-09-11T09:05:23","guid":{"rendered":"http:\/\/borders.critizen.de\/?page_id=309"},"modified":"2015-04-20T15:14:31","modified_gmt":"2015-04-20T15:14:31","slug":"netiquette","status":"publish","type":"page","link":"https:\/\/crisis.critizen.de\/ua\/netiquette\/","title":{"rendered":"Netiquette"},"content":{"rendered":"<h2>Die Netiquette<\/h2>\n<p>Dieser Artikel soll Ihnen helfen, die Sitten und Gebr\u00e4uche, die sich beim Informationsaustausch im Internet eingeb\u00fcrgert haben, kennen zulernen, und Ihnen \u00fcber die wichtigsten Stolpersteine hinwegzuhelfen. Die Regeln sind zwar f\u00fcr den Umgang mit \u00f6ffentlichen Diskussionsforen, wie Newsgruppen oder Mailinglisten, geschrieben, gelten aber sinngem\u00e4\u00df auch f\u00fcr andere Kommunikationsmethoden, wie z.B. Chat, Mail, World Wide Web.<\/p>\n<p>Es folgen einige Tips, wie man das Netz effizient und auch h\u00f6flich zu aller Zufriedenheit benutzen kann (und sollte):<\/p>\n<p>\t01. Vergi\u00df niemals, da\u00df auf der anderen Seite ein Mensch sitzt<br \/>\n\t02. Erst lesen, dann denken, dann erst posten<br \/>\n\t03. Fasse Dich kurz!<br \/>\n\t04. Deine Artikel, Kommentare &amp; Posts sprechen f\u00fcr Dich. Sei stolz auf sie!<br \/>\n\t05. Nimm Dir Zeit, wenn Du einen Artikel schreibst!<br \/>\n\t06. Vernachl\u00e4ssige nicht die Aufmachung Deines Artikels<br \/>\n\t07. Achte auf die &#8220;Subject:&#8221;-Zeile!<br \/>\n\t08. Denke an die Leserschaft!<br \/>\n\t09. Vorsicht mit Humor und Sarkasmus!<br \/>\n\t10. K\u00fcrze den Text, auf den Du Dich beziehst<br \/>\n\t11. Benutze Mail, wo immer es geht!<br \/>\n\t12. Gib eine Sammlung deiner Erkenntnisse ans Netz weiter<br \/>\n\t13. Achte auf die gesetzlichen Regelungen!<br \/>\n\t14. Benutze Deinen wirklichen Namen, kein Pseudonym<br \/>\n\t15. Kommerzielles?<br \/>\n\t16. Keine &#8220;human gateways&#8221; &#8211; das Netz ist keine Mailbox<br \/>\n\t17. &#8220;Du&#8221; oder &#8220;Sie&#8221;?<\/p>\n\n<h3><\/h3>\n<h3><\/h3>\n<h3><\/h3>\n<h3><\/h3>\n<h3><\/h3>\n<h3><\/h3>\n<h3><\/h3>\n<p>\n<p>\n<p>\n<p>\n<h3>1. Vergi\u00df niemals, da\u00df auf der anderen Seite ein Mensch sitzt!<\/h3>\n<p>Die meisten Leute denken in dem Augenblick, wo sie ihre Artikel und Mails verfassen, leider nicht daran, da\u00df die Nachrichten nicht ausschlie\u00dflich von Computern gelesen werden, sondern auch von (anderen?) Lebewesen, in erster Linie von Menschen.<\/p>\n<p>Je nach Distribution kann Ihre Nachricht von Leuten z. B. in ganz Deutschland und der Schweiz gelesen werden. Denken Sie stets daran und lassen Sie sich nicht zu verbalen Ausbr\u00fcchen hinrei\u00dfen. Bedenken Sie: Je ausfallender und unh\u00f6flicher Sie sich geb\u00e4rden, desto weniger Leute sind bereit, Ihnen zu helfen, wenn Sie einmal etwas brauchen.<\/p>\n<p>Eine einfache Faustregel: Schreibe nie etwas, was Du dem Adressaten nicht auch vor anderen Leuten ins Gesicht sagen w\u00fcrdest.<\/p>\n<h3>2. Erst lesen, dann denken, dann nochmal lesen, dann nochmal denken und dann erst posten!<\/h3>\n<p>Die Gefahr von Mi\u00dfverst\u00e4ndnissen ist bei einem geschriebenen, computerisierten Medium besonders hoch. Vergewissern Sie sich mehrmals, da\u00df der Autor des Artikels, auf den Sie antworten wollen, auch das gemeint hat, was Sie denken. Insbesondere sollten Sie darauf achten, ob nicht vielleicht Sarkasmus oder eine \u00e4hnliche Abart des Humors :-) benutzt wurde, ohne ihn mit dem <a href=\"http:\/\/www.chemie.fu-berlin.de\/outerspace\/netnews\/smilies.html\">Smiley<\/a>-Symbol &#8220;:-)&#8221; zu kennzeichnen.<\/p>\n<h3>3. Fasse Dich kurz!<\/h3>\n<p>Niemand liest gerne Artikel, die mehr als 50 Zeilen lang sind. Denken Sie daran, wenn Sie Artikel verfassen. Nebenbei: Es empfiehlt sich, die L\u00e4nge der eigenen Zeilen unter etwa 70 Zeichen zu halten.<\/p>\n<h3>4. Deine Artikel sprechen f\u00fcr Dich. Sei stolz auf sie!<\/h3>\n<p>Die meisten Leute auf dem Netz kennen und beurteilen Sie nur \u00fcber das, was Sie in Artikeln oder Mails schreiben. Versuchen Sie daher, Ihre Artikel leicht verst\u00e4ndlich und m\u00f6glichst ohne Rechtschreibfehler zu verfassen.<\/p>\n<p>Ein Duden bzw. ein W\u00f6rterbuch neben dem Rechner mag manchem als \u00dcbertreibung erscheinen; in Anbetracht der Tatsache, da\u00df viele Leser den Autor eines vor Fehlern beinahe unleserlichen Artikels f\u00fcr einen (um es ganz deutlich zu sagen) Vollidioten halten, ist diese Investition vielleicht nicht ganz verfehlt.<\/p>\n<p>Bedenken Sie, da\u00df ihr Anliegen nicht r\u00fcberkommt, wenn es nicht einmal den elementaren Anforderungen an Stil, Form und Niveau gen\u00fcgt.<\/p>\n<p>Bedenken Sie bitte auch: Vielleicht lesen Ihre zuk\u00fcnftigen Kollegen oder Ihr zuk\u00fcnftiger Chef mit. Vorurteile bilden sich leicht.<\/p>\n<h3>5. Nimm Dir Zeit, wenn Du einen Artikel schreibst!<\/h3>\n<p>Einige Leute denken, es w\u00fcrde ausreichen, einen Artikel in zwei Minuten in den Rechner zu hacken. Besonders im Hinblick auf die vorangegangenen Punkte ist das aber kaum m\u00f6glich. Sie sollten sich Zeit nehmen, um einen Artikel zu verfassen, der auch Ihren Anspr\u00fcchen gen\u00fcgt.<\/p>\n<h3>6. Vernachl\u00e4ssige nicht die Aufmachung Deines Artikels!<\/h3>\n<p>Es ist nat\u00fcrlich nicht zwingend, einen\u00a0HTML-Kurs\u00a0mitgemacht zu haben, jedoch ist es ratsam, sich mit den wichtigsten der &#8220;Regeln in HTML&#8221; vertraut zu machen.<\/p>\n<p>Dar\u00fcberhinaus sollten Punkte und Kommas selbstverst\u00e4ndlich sein; durch Gro\u00df- und Kleinschreibung wird der Text leserlicher. Abs\u00e4tze lockern den Text auf, wenn sie alle paar Zeilen eingeschoben werden.<\/p>\n<h3>7. Achte auf die &#8220;Subject:&#8221;-Zeile!<\/h3>\n<p>Wenn Sie einen Artikel verfassen, achten Sie bitte besonders auf den Inhalt der &#8220;Subject:&#8221;-Zeile. Hier sollte in kurzen Worten (m\u00f6glichst unter 40 Zeichen) der Inhalt des Artikels beschrieben werden, so da\u00df ein Leser entscheiden kann, ob er von Interesse f\u00fcr ihn ist oder nicht.<\/p>\n<p>In l\u00e4nger dauernden Diskussionen kann es passieren, da\u00df das Thema, \u00fcber das debattiert wird, vom urspr\u00fcnglichen &#8220;Subject&#8221; abweicht. Bitte \u00e4ndern Sie die &#8220;Subject:&#8221;-Zeile entsprechend ab. Eine gute Angewohnheit ist es, wenn Sie den alten Titel zus\u00e4tzlich noch angeben; bei Followups auf solche Artikel sollte der alte Titel aber entfernt werden. Ein Beispiel:<\/p>\n<p>Beim Antworten (Follow-Up) auf einen Artikel in einer Sie interessierenden Newsgruppe werden Sie mit dem<\/p>\n<blockquote><p>Subject: Re:\u00a0Text<\/p><\/blockquote>\n<p>konfrontiert. Die Diskussion, an der Sie sich mit Ihrem Artikel beteiligen wollen, ist aber l\u00e4ngst auf das Thema &#8220;Text&#8221; abgeschweift. Also \u00e4ndern Sie wie folgt:<\/p>\n<blockquote><p>Subject: Text (war: Re: ein anderer Text)<\/p><\/blockquote>\n<p>Sollte die &#8220;Subject:&#8221;-Zeile nun l\u00e4nger als 80 Zeichen werden, so ist es sicher nicht schlecht, den alten Titel abzuk\u00fcrzen. Followups auf Ihren neuen Artikel sollten nur noch den Titel<\/p>\n<blockquote><p>Subject: Re:\u00a0Text<\/p><\/blockquote>\n<p>erhalten.<\/p>\n<h3>8. Denke an die Leserschaft!<\/h3>\n<p>\u00dcberlegen Sie sich vor dem Posten eines Artikels oder Followups, welche Leute Sie mit Ihrer Nachricht erreichen wollen.<\/p>\n<p>W\u00e4hlen Sie die Gruppe (oder Gruppen), in die Sie schreiben, sorgf\u00e4ltig aus. Posten Sie, wenn irgend m\u00f6glich, nur in <strong>eine<\/strong> Gruppe. Ein <em>Crossposting<\/em> eines Artikels in mehrere, wom\u00f6glich inhaltlich verwandte Gruppen ist nicht empfehlenswert. Wenn Sie dennoch ein Crossposting (durch Angabe mehrerer Gruppennamen in der &#8220;Newsgroups:&#8221;-Zeile) in die Welt setzen, lenken Sie bitte darauffolgende Postings mit Hilfe der &#8220;Followup-To:&#8221;-Zeile in <strong>eine<\/strong> Gruppe.<\/p>\n<h3>9. Vorsicht mit Humor und Sarkasmus!<\/h3>\n<p>Achten Sie darauf, da\u00df Sie Ihre sarkastisch gemeinten Bemerkungen so kennzeichnen, da\u00df keine Mi\u00dfverst\u00e4ndnisse provoziert werden. Bedenken Sie: In einem schriftlichen Medium kommt nur sehr wenig von Ihrer Mimik und Gestik r\u00fcber, die Sie bei pers\u00f6nlichen Gespr\u00e4chen ben\u00fctzen w\u00fcrden.<\/p>\n<p>Im Netz gibt es f\u00fcr diesen Zweck eine ganze Reihe von Symbolen; die gebr\u00e4uchlichsten sind &#8220;:-)&#8221; und &#8220;:-(&#8220;. Wenn Ihnen nicht sofort auff\u00e4llt, was diese Symbole bedeuten sollen, drehen Sie den Kopf doch mal um 90 Grad nach links und schauen Sie nochmal&#8230; :-)<\/p>\n<h3>10. K\u00fcrze den Text, auf den Du Dich beziehst, auf das notwendige Minimum!<\/h3>\n<pre>&gt; Es ist eine gute Angewohnheit, Texte, auf die man sich be-\r\n&gt; zieht, w\u00f6rtlich zu zitieren. Wenn Sie einen Followup-Ar-\r\n&gt; tikel schreiben, wird Ihnen der gesamte Text, auf den Sie \r\n&gt; sich beziehen, von Ihrem Newsreader-Programm zum Bearbei-\r\n&gt; ten angeboten. Der Originaltext wird dabei im Allgemeinen\r\n&gt; durch das Zeichen '&gt;' einger\u00fcckt (\u00e4hnlich wie dieser Ab-\r\n&gt; satz), um klar ersichtlich zu machen, da\u00df es sich dabei \r\n&gt; um zitierten Text handelt.\r\n<\/pre>\n<p>Machen Sie es sich zur Angewohnheit, nur gerade so viel Originaltext stehen zu lassen, da\u00df dem Leser der Zusammenhang nicht verlorengeht. Das ist a) wesentlich leichter zu lesen und zu verstehen und b) keine Verschwendung von Ressourcen.<\/p>\n<p>Lassen Sie den Originaltext aber auch nicht ganz weg! Der Leser Ihres Artikels hat den Artikel, auf den Sie sich beziehen, mit hoher Wahrscheinlichkeit nicht mehr exakt in Erinnerung und hat ohne weitere Anhaltspunkte gro\u00dfe M\u00fche, den Sinn Ihrer Ausf\u00fchrungen zu erkennen.<\/p>\n<p><strong>Achtung<\/strong>: Auch die Unterschrift oder die <em>Signatur <\/em>der Originalnachricht sollte nur dann zitiert werden, wenn darauf auch inhaltlich Bezug genommen wird. Wie die ebenso l\u00e4stige Doppelsignatur ist dies ein Fehler, den der Betreffende selbst oft nicht bemerkt. Ein pers\u00f6nlicher Hinweis (bitte nur als Mail!) kann in beiden F\u00e4llen nicht schaden.<\/p>\n<h3>11. Benutze Mail, wo immer es geht!<\/h3>\n<p>Wenn Sie dem Autor eines Artikels etwas mitteilen wollen, \u00fcberlegen Sie sich bitte genau, ob daf\u00fcr nicht eine simple Mail ausreicht.<\/p>\n<p>Ein Beispiel: Sp\u00e4testens dann, wenn hitzige Diskussionen schliesslich in w\u00fcste Beschimpfungsorgien ausarten, ist der Zeitpunkt gekommen, an dem die Diskussion niemanden au\u00dfer den Streith\u00e4hnen interessiert.<\/p>\n<p>Generell gilt: Wenn Sie etwas mitteilen wollen, das auch viele andere Leute interessieren k\u00f6nnte, benutzen Sie die News. Anderenfalls ist eine Mail sicherlich ausreichend.<\/p>\n<h3>12. Gib eine Sammlung Deiner Erkenntnisse ans Netz weiter!<\/h3>\n<p>Wenn Sie eine Frage an die Netzgemeinde gestellt haben, und darauf Antworten per Mail empfangen haben, welche evtl. auch andere Leute interessieren k\u00f6nnten, fassen Sie Ihre Ergebnisse (nat\u00fcrlich gek\u00fcrzt) zusammen und lassen Sie damit auch das Netz von Ihrer Frage profitieren.<\/p>\n<h3>13. Achte auf die gesetzlichen Regelungen!<\/h3>\n<p>Es ist v\u00f6llig legal, kurze Ausz\u00fcge aus urheberrechtlich gesch\u00fctzten Werken zu informationellen Zwecken zu posten. Was dar\u00fcber hinaus geht, ist illegal. Zu den urheberrechtlich gesch\u00fctzten Werken geh\u00f6ren unter anderem Zeitungsartikel, Liedtexte, Programme, Bilder etc. Ebenfalls illegal ist es, mit Wort und\/oder Bild zu Straftaten aufzurufen oder zumindest Anleitungen daf\u00fcr zu liefern.<\/p>\n<p>Achten Sie darauf, da\u00df Sie mit Ihrem Artikel keine Gesetze brechen und bedenken Sie, da\u00df sich evtl. jeder strafbar macht, der solche Informationen auf dem eigenen Rechner h\u00e4lt und anderen zug\u00e4nglich macht.<\/p>\n<h3>14. Benutze Deinen wirklichen Namen, kein Pseudonym!<\/h3>\n<p>In der Mailboxszene ist es ab und zu \u00fcblich, seine wahre Identit\u00e4t hinter einem Pseudonym zu verbergen. Pseudonyme erm\u00f6glichen es auch, Dinge zu sagen und zu tun, die man sich sonst nicht erlauben w\u00fcrde. Aufgrund der negativen Erfahrungen, die sehr viele Leute auf dem Netz mit den Tr\u00e4gern solcher Pseudonyme gemacht haben, und auch aus presserechtlichen Gr\u00fcnden sollten Sie Ihre Artikel mit Ihrem wirklichen Namen versehen. Wenn Sie nicht vorhaben, Ihren Namen preiszugeben, vergessen Sie das Usenet (oder zumindest das Schreiben von Artikeln und Mails) bitte schnell wieder.<\/p>\n<p>Beim Posten von Nachrichten aus Programmen heraus, die nicht pers\u00f6nlich vorkonfiguriert sind (wie sie z.B. in den f\u00fcr Studenten zug\u00e4nglichen Pools zur Verf\u00fcgung stehen), ist besondere Sorgfalt n\u00f6tig, um zu verhindern, da\u00df Nachrichten mit &#8220;Dummy&#8221;-Werten f\u00fcr die From-Adresse bzw. die Signatur herausgehen. Informieren Sie sich, wie Sie Ihre pers\u00f6nlichen Angaben in dem Programm, das Sie nutzen, konfigurieren k\u00f6nnen.<\/p>\n<p>Die Betreiber von Systemen, die schreibenden Zugriff auf das Netz anbieten, sind angehalten, entsprechende Ma\u00dfnahmen zu ergreifen.<\/p>\n<h3>15. Kommerzielles?<\/h3>\n<p>Ein gewisses Ma\u00df an kommerziellen Informationen wird auf dem Netz gerne toleriert, z.B. Adressen von Firmen, die ein bestimmtes Produkt anbieten, nachdem jemand danach gefragt hat. Als unversch\u00e4mt wird dagegen die Verbreitung von reinen Werbeinformationen angesehen, insbesondere, wenn sie ein gewisses Volumen \u00fcberschreiten.<\/p>\n<p>Bedenken Sie: Dies ist ein nichtkommerzielles Netz, und nicht jeder will \u00dcbertragungskosten f\u00fcr Werbung bezahlen.<\/p>\n<h3>16. Keine &#8220;human gateways&#8221; &#8211; das Netz ist keine Mailbox!<\/h3>\n<p>Ebenfalls wird davon abgeraten, seine Aufgabe darin zu sehen, Artikel aus verschiedenen anderen, f\u00fcr jedermann zug\u00e4nglichen Netzen ins Netz zu pumpen.<\/p>\n<p>Das gilt insbesondere dann, wenn es den Informationen am allgemein \u00fcblichen Niveau mangelt, die darin angesprochenen Tatsachen jedem durchschnittlich intelligenten Menschen bereits bekannt sind oder abzusehen ist, da\u00df sich nur ein verschwindend geringer Bruchteil der Netz-User daf\u00fcr interessiert.<\/p>\n<p>Bedenken Sie: Das Netz ist keine Daten-M\u00fclltonne.<\/p>\n<h3>17. &#8220;Du&#8221; oder &#8220;Sie&#8221;?<\/h3>\n<p>Aus der Deutschsprachigkeit der &#8220;de.*&#8221;-Hierarchie erw\u00e4chst die Frage, ob man andere Netzteilnehmer in Artikeln und Mails &#8220;duzen&#8221; oder &#8220;siezen&#8221; sollte. Daf\u00fcr gibt es keine allgemeing\u00fcltige Regel; es hat sich jedoch eingeb\u00fcrgert, den Anderen mit &#8220;Du&#8221; anzureden. 99,9 % der Teilnehmer in der &#8220;de.*&#8221;-Hierarchie finden das auch v\u00f6llig in Ordnung und w\u00fcrden es als eher absonderlich ansehen, wenn sie auf einmal gesiezt werden w\u00fcrden.<\/p>\n<h3>18. Zusammenfassung der Dinge, die Sie bedenken sollten&#8230;<\/h3>\n<dl>\n<dt>&#8211; Vergi\u00df niemals, da\u00df auf der anderen Seite ein Mensch sitzt<\/dt>\n<dt>&#8211; Erst lesen, dann denken, dann nochmal lesen, dann nochmal denken, und dann erst posten<\/dt>\n<dt>&#8211; Fasse Dich kurz!<\/dt>\n<dt>&#8211; Deine Artikel sprechen f\u00fcr Dich. Sei stolz auf sie!<\/dt>\n<dt>&#8211; Nimm Dir Zeit, wenn Du einen Artikel schreibst!<\/dt>\n<dt>&#8211; Vernachl\u00e4ssige nicht die Aufmachung Deines Artikels<\/dt>\n<dt>&#8211; Achte auf die &#8220;Subject:&#8221;-Zeile!<\/dt>\n<dt>&#8211; Denke an die Leserschaft!<\/dt>\n<dt>&#8211; Vorsicht mit Humor und Sarkasmus!<\/dt>\n<dt>&#8211; K\u00fcrze den Text, auf den Du Dich beziehst, auf das notwendige Minimum!<\/dt>\n<dt>&#8211; Benutze Mail, wo immer es geht!<\/dt>\n<dt>&#8211; Gib eine Sammlung deiner Erkenntnisse ans Netz weiter<\/dt>\n<dt>&#8211; Achte auf die gesetzlichen Regelungen!<\/dt>\n<dt>&#8211; Benutze Deinen wirklichen Namen, kein Pseudonym<\/dt>\n<dt>&#8211; Kommerzielles?<\/dt>\n<dt>&#8211; Keine &#8220;human gateways&#8221; &#8211; das Netz ist keine Mailbox<\/dt>\n<dt>&#8211; &#8220;Du&#8221; oder &#8220;Sie&#8221;?<\/dt>\n<\/dl>\n","protected":false},"excerpt":{"rendered":"<p>Die Netiquette Dieser Artikel soll Ihnen helfen, die Sitten und Gebr\u00e4uche, die sich beim Informationsaustausch im Internet eingeb\u00fcrgert haben, kennen zulernen, und Ihnen \u00fcber die wichtigsten Stolpersteine hinwegzuhelfen. Die Regeln sind zwar f\u00fcr den Umgang mit \u00f6ffentlichen Diskussionsforen, wie Newsgruppen oder Mailinglisten, geschrieben, gelten aber sinngem\u00e4\u00df auch f\u00fcr andere Kommunikationsmethoden, wie z.B. Chat, Mail, World [&hellip;]<\/p>\n","protected":false},"author":1,"featured_media":0,"parent":0,"menu_order":0,"comment_status":"closed","ping_status":"closed","template":"","meta":[],"_links":{"self":[{"href":"https:\/\/crisis.critizen.de\/ua\/wp-json\/wp\/v2\/pages\/309"}],"collection":[{"href":"https:\/\/crisis.critizen.de\/ua\/wp-json\/wp\/v2\/pages"}],"about":[{"href":"https:\/\/crisis.critizen.de\/ua\/wp-json\/wp\/v2\/types\/page"}],"author":[{"embeddable":true,"href":"https:\/\/crisis.critizen.de\/ua\/wp-json\/wp\/v2\/users\/1"}],"replies":[{"embeddable":true,"href":"https:\/\/crisis.critizen.de\/ua\/wp-json\/wp\/v2\/comments?post=309"}],"version-history":[{"count":8,"href":"https:\/\/crisis.critizen.de\/ua\/wp-json\/wp\/v2\/pages\/309\/revisions"}],"predecessor-version":[{"id":394,"href":"https:\/\/crisis.critizen.de\/ua\/wp-json\/wp\/v2\/pages\/309\/revisions\/394"}],"wp:attachment":[{"href":"https:\/\/crisis.critizen.de\/ua\/wp-json\/wp\/v2\/media?parent=309"}],"curies":[{"name":"wp","href":"https:\/\/api.w.org\/{rel}","templated":true}]}}